{"id":108,"date":"2023-02-20T11:36:27","date_gmt":"2023-02-20T11:36:27","guid":{"rendered":"http:\/\/eviera.es\/?page_id=108"},"modified":"2023-02-20T11:36:27","modified_gmt":"2023-02-20T11:36:27","slug":"formacion-y-experiencia","status":"publish","type":"page","link":"https:\/\/vieramolina.com\/index.php\/formacion-y-experiencia\/","title":{"rendered":"Experiencia"},"content":{"rendered":"\n<p><strong>FORMACI\u00d3N<\/strong><\/p>\n\n\n\n<ul class=\"wp-block-list\">\n<li>Arquitecto Colegiado COAGC n\u00famero 3882<\/li>\n\n\n\n<li>Abogado durante mas de 20 a\u00f1os.<\/li>\n\n\n\n<li>Abogado de Inglaterra y Gales, ( Solicitor of England and Wales) <\/li>\n<\/ul>\n\n\n\n<p><strong>EXPERIENCIA<\/strong><\/p>\n\n\n\n<ul class=\"wp-block-list\">\n<li>20 a\u00f1os de ejercicio de la abogac\u00eda en Londres y en Espa\u00f1a<\/li>\n\n\n\n<li>Promotor inmobiliario de viviendas y apartamentos tur\u00edsticos.<\/li>\n<\/ul>\n\n\n\n<p><strong>CONCURSOS DE ARQUITECTURA<\/strong><\/p>\n\n\n\n<ul class=\"wp-block-list\">\n<li>200 viviendas sostenibles en Saint Denis, Paris, Francia. (Concurso ISOVER)<\/li>\n\n\n\n<li>8 viviendas de protecci\u00f3n Social en la isla de La Palma ( Finalista, Segundo lugar)<\/li>\n\n\n\n<li>55 Viviendas sostenibles de Protecci\u00f3n Social en Torrent, Valencia. <\/li>\n\n\n\n<li>Concurso de reforma del Centro insular de deportes de Las Palmas de Gran Canaria<\/li>\n\n\n\n<li>Centro de salud de los Cristianos<\/li>\n<\/ul>\n","protected":false},"excerpt":{"rendered":"<p>FORMACI\u00d3N EXPERIENCIA CONCURSOS DE ARQUITECTURA<\/p>\n","protected":false},"author":3,"featured_media":0,"parent":0,"menu_order":0,"comment_status":"closed","ping_status":"closed","template":"","meta":{"footnotes":""},"class_list":["post-108","page","type-page","status-publish","hentry"],"_links":{"self":[{"href":"https:\/\/vieramolina.com\/index.php\/wp-json\/wp\/v2\/pages\/108","targetHints":{"allow":["GET"]}}],"collection":[{"href":"https:\/\/vieramolina.com\/index.php\/wp-json\/wp\/v2\/pages"}],"about":[{"href":"https:\/\/vieramolina.com\/index.php\/wp-json\/wp\/v2\/types\/page"}],"author":[{"embeddable":true,"href":"https:\/\/vieramolina.com\/index.php\/wp-json\/wp\/v2\/users\/3"}],"replies":[{"embeddable":true,"href":"https:\/\/vieramolina.com\/index.php\/wp-json\/wp\/v2\/comments?post=108"}],"version-history":[{"count":0,"href":"https:\/\/vieramolina.com\/index.php\/wp-json\/wp\/v2\/pages\/108\/revisions"}],"wp:attachment":[{"href":"https:\/\/vieramolina.com\/index.php\/wp-json\/wp\/v2\/media?parent=108"}],"curies":[{"name":"wp","href":"https:\/\/api.w.org\/{rel}","templated":true}]}}